{"id":11,"date":"2018-07-25T11:16:59","date_gmt":"2018-07-25T11:16:59","guid":{"rendered":"http:\/\/www.mestreferro.pt\/?page_id=11"},"modified":"2026-01-28T14:55:37","modified_gmt":"2026-01-28T14:55:37","slug":"contactos","status":"publish","type":"page","link":"https:\/\/www.mestreferro.pt\/?page_id=11","title":{"rendered":"Contactos"},"content":{"rendered":"\t\t<div data-elementor-type=\"wp-post\" data-elementor-id=\"11\" class=\"elementor elementor-11\" data-elementor-post-type=\"page\">\n\t\t\t\t\t\t<section class=\"elementor-section elementor-top-section elementor-element elementor-element-f64a638 elementor-section-boxed elementor-section-height-default elementor-section-height-default\" data-id=\"f64a638\" data-element_type=\"section\" data-settings=\"{&quot;background_background&quot;:&quot;classic&quot;}\">\n\t\t\t\t\t\t\t<div class=\"elementor-background-overlay\"><\/div>\n\t\t\t\t\t\t\t<div class=\"elementor-container elementor-column-gap-default\">\n\t\t\t\t\t<div class=\"elementor-column elementor-col-100 elementor-top-column elementor-element elementor-element-4856455\" data-id=\"4856455\" data-element_type=\"column\">\n\t\t\t<div class=\"elementor-widget-wrap elementor-element-populated\">\n\t\t\t\t\t\t<div class=\"elementor-element elementor-element-67214bf elementor-widget elementor-widget-spacer\" data-id=\"67214bf\" data-element_type=\"widget\" data-widget_type=\"spacer.default\">\n\t\t\t\t<div class=\"elementor-widget-container\">\n\t\t\t\t\t<div class=\"elementor-spacer\">\n\t\t\t<div class=\"elementor-spacer-inner\"><\/div>\n\t\t<\/div>\n\t\t\t\t<\/div>\n\t\t\t\t<\/div>\n\t\t\t\t<div class=\"elementor-element elementor-element-e39a3d7 elementor-widget elementor-widget-spacer\" data-id=\"e39a3d7\" data-element_type=\"widget\" data-widget_type=\"spacer.default\">\n\t\t\t\t<div class=\"elementor-widget-container\">\n\t\t\t\t\t<div class=\"elementor-spacer\">\n\t\t\t<div class=\"elementor-spacer-inner\"><\/div>\n\t\t<\/div>\n\t\t\t\t<\/div>\n\t\t\t\t<\/div>\n\t\t\t\t\t<\/div>\n\t\t<\/div>\n\t\t\t\t\t<\/div>\n\t\t<\/section>\n\t\t\t\t<section class=\"elementor-section elementor-top-section elementor-element elementor-element-49bc309 elementor-section-boxed elementor-section-height-default elementor-section-height-default\" data-id=\"49bc309\" data-element_type=\"section\">\n\t\t\t\t\t\t<div class=\"elementor-container elementor-column-gap-default\">\n\t\t\t\t\t<div class=\"elementor-column elementor-col-100 elementor-top-column elementor-element elementor-element-b8e01d7\" data-id=\"b8e01d7\" data-element_type=\"column\">\n\t\t\t<div class=\"elementor-widget-wrap elementor-element-populated\">\n\t\t\t\t\t\t<div class=\"elementor-element elementor-element-96d16d4 elementor-widget elementor-widget-spacer\" data-id=\"96d16d4\" data-element_type=\"widget\" data-widget_type=\"spacer.default\">\n\t\t\t\t<div class=\"elementor-widget-container\">\n\t\t\t\t\t<div class=\"elementor-spacer\">\n\t\t\t<div class=\"elementor-spacer-inner\"><\/div>\n\t\t<\/div>\n\t\t\t\t<\/div>\n\t\t\t\t<\/div>\n\t\t\t\t\t<\/div>\n\t\t<\/div>\n\t\t\t\t\t<\/div>\n\t\t<\/section>\n\t\t\t\t<section class=\"elementor-section elementor-top-section elementor-element elementor-element-8223ff4 elementor-section-boxed elementor-section-height-default elementor-section-height-default\" data-id=\"8223ff4\" data-element_type=\"section\">\n\t\t\t\t\t\t<div class=\"elementor-container elementor-column-gap-default\">\n\t\t\t\t\t<div class=\"elementor-column elementor-col-50 elementor-top-column elementor-element elementor-element-ff55a31\" data-id=\"ff55a31\" data-element_type=\"column\">\n\t\t\t<div class=\"elementor-widget-wrap elementor-element-populated\">\n\t\t\t\t\t\t<div class=\"elementor-element elementor-element-4942ad2 elementor-widget elementor-widget-text-editor\" data-id=\"4942ad2\" data-element_type=\"widget\" data-widget_type=\"text-editor.default\">\n\t\t\t\t<div class=\"elementor-widget-container\">\n\t\t\t\t\t\t\t<p><strong>Dep. Comercial\u00a0<\/strong>&#8211; consultas e or\u00e7amentos<\/p><p style=\"padding-left: 30px;\"><a href=\"mailto:comercial@mestreferro.pt\">comercial@mestreferro.pt<\/a><\/p><p><strong>Secretaria\u00a0<\/strong>&#8211; assuntos gerais<\/p><p style=\"padding-left: 30px;\"><a href=\"mailto:geral@mestreferro.pt\">geral@mestreferro.pt<\/a><\/p><p><strong>Dep. de Recursos Humanos <a href=\"https:\/\/www.mestreferro.pt\/?page_id=766\">( Vagas )<\/a><\/strong><\/p><p style=\"padding-left: 30px;\"><a href=\"mailto:recrutamento@mestreferro.pt\">recrutamento@mestreferro.pt<\/a><\/p>\t\t\t\t\t\t<\/div>\n\t\t\t\t<\/div>\n\t\t\t\t\t<\/div>\n\t\t<\/div>\n\t\t\t\t<div class=\"elementor-column elementor-col-50 elementor-top-column elementor-element elementor-element-d98b166\" data-id=\"d98b166\" data-element_type=\"column\">\n\t\t\t<div class=\"elementor-widget-wrap elementor-element-populated\">\n\t\t\t\t\t\t<div class=\"elementor-element elementor-element-ba0471d elementor-view-default elementor-invisible elementor-widget elementor-widget-icon\" data-id=\"ba0471d\" data-element_type=\"widget\" data-settings=\"{&quot;_animation&quot;:&quot;fadeInDown&quot;}\" data-widget_type=\"icon.default\">\n\t\t\t\t<div class=\"elementor-widget-container\">\n\t\t\t\t\t<div class=\"elementor-icon-wrapper\">\n\t\t\t<div class=\"elementor-icon\">\n\t\t\t\t\t\t\t<i class=\"fa fa-hand-o-down\" aria-hidden=\"true\"><\/i>\n\t\t\t\t\t\t<\/div>\n\t\t<\/div>\n\t\t\t\t<\/div>\n\t\t\t\t<\/div>\n\t\t\t\t<div class=\"elementor-element elementor-element-51ec9d0 elementor-invisible elementor-widget elementor-widget-text-editor\" data-id=\"51ec9d0\" data-element_type=\"widget\" data-settings=\"{&quot;_animation&quot;:&quot;zoomIn&quot;}\" data-widget_type=\"text-editor.default\">\n\t\t\t\t<div class=\"elementor-widget-container\">\n\t\t\t\t\t\t\t<p>Contacte-nos. Pe\u00e7a j\u00e1 or\u00e7amento para o seu trabalho.<\/p><p>Estamos ao seu dispor das 08h30 \u00e0s 18h30.<\/p><p>+351 <b>912 473 799 <\/b>(Chamada para rede m\u00f3vel nacional)<\/p>\t\t\t\t\t\t<\/div>\n\t\t\t\t<\/div>\n\t\t\t\t\t<\/div>\n\t\t<\/div>\n\t\t\t\t\t<\/div>\n\t\t<\/section>\n\t\t\t\t<section class=\"elementor-section elementor-top-section elementor-element elementor-element-eefaa0b elementor-section-boxed elementor-section-height-default elementor-section-height-default\" data-id=\"eefaa0b\" data-element_type=\"section\">\n\t\t\t\t\t\t<div class=\"elementor-container elementor-column-gap-default\">\n\t\t\t\t\t<div class=\"elementor-column elementor-col-100 elementor-top-column elementor-element elementor-element-b05156a\" data-id=\"b05156a\" data-element_type=\"column\">\n\t\t\t<div class=\"elementor-widget-wrap elementor-element-populated\">\n\t\t\t\t\t\t\t<\/div>\n\t\t<\/div>\n\t\t\t\t\t<\/div>\n\t\t<\/section>\n\t\t\t\t<\/div>\n\t\t","protected":false},"excerpt":{"rendered":"<p>Dep. Comercial\u00a0&#8211; consultas e or\u00e7amentos comercial@mestreferro.pt Secretaria\u00a0&#8211; assuntos gerais geral@mestreferro.pt Dep. de Recursos Humanos ( Vagas ) recrutamento@mestreferro.pt Contacte-nos. Pe\u00e7a j\u00e1 or\u00e7amento para o seu trabalho. Estamos ao seu dispor das 08h30 \u00e0s 18h30. +351 912 473 799 (Chamada para rede m\u00f3vel nacional)<\/p>\n","protected":false},"author":1,"featured_media":0,"parent":0,"menu_order":0,"comment_status":"closed","ping_status":"closed","template":"elementor_header_footer","meta":{"footnotes":""},"_links":{"self":[{"href":"https:\/\/www.mestreferro.pt\/index.php?rest_route=\/wp\/v2\/pages\/11"}],"collection":[{"href":"https:\/\/www.mestreferro.pt\/index.php?rest_route=\/wp\/v2\/pages"}],"about":[{"href":"https:\/\/www.mestreferro.pt\/index.php?rest_route=\/wp\/v2\/types\/page"}],"author":[{"embeddable":true,"href":"https:\/\/www.mestreferro.pt\/index.php?rest_route=\/wp\/v2\/users\/1"}],"replies":[{"embeddable":true,"href":"https:\/\/www.mestreferro.pt\/index.php?rest_route=%2Fwp%2Fv2%2Fcomments&post=11"}],"version-history":[{"count":51,"href":"https:\/\/www.mestreferro.pt\/index.php?rest_route=\/wp\/v2\/pages\/11\/revisions"}],"predecessor-version":[{"id":855,"href":"https:\/\/www.mestreferro.pt\/index.php?rest_route=\/wp\/v2\/pages\/11\/revisions\/855"}],"wp:attachment":[{"href":"https:\/\/www.mestreferro.pt\/index.php?rest_route=%2Fwp%2Fv2%2Fmedia&parent=11"}],"curies":[{"name":"wp","href":"https:\/\/api.w.org\/{rel}","templated":true}]}}