{"id":766,"date":"2021-08-03T17:28:47","date_gmt":"2021-08-03T17:28:47","guid":{"rendered":"https:\/\/www.mestreferro.pt\/?page_id=766"},"modified":"2025-03-21T17:55:06","modified_gmt":"2025-03-21T17:55:06","slug":"766-2","status":"publish","type":"page","link":"https:\/\/www.mestreferro.pt\/?page_id=766","title":{"rendered":"Recrutamento"},"content":{"rendered":"\t\t<div data-elementor-type=\"wp-page\" data-elementor-id=\"766\" class=\"elementor elementor-766\" data-elementor-post-type=\"page\">\n\t\t\t\t\t\t<section class=\"elementor-section elementor-top-section elementor-element elementor-element-3ef93989 elementor-section-stretched elementor-section-boxed elementor-section-height-default elementor-section-height-default\" data-id=\"3ef93989\" data-element_type=\"section\" data-settings=\"{&quot;background_background&quot;:&quot;classic&quot;,&quot;stretch_section&quot;:&quot;section-stretched&quot;}\">\n\t\t\t\t\t\t\t<div class=\"elementor-background-overlay\"><\/div>\n\t\t\t\t\t\t\t<div class=\"elementor-container elementor-column-gap-default\">\n\t\t\t\t\t<div class=\"elementor-column elementor-col-100 elementor-top-column elementor-element elementor-element-4cf203bb\" data-id=\"4cf203bb\" data-element_type=\"column\">\n\t\t\t<div class=\"elementor-widget-wrap elementor-element-populated\">\n\t\t\t\t\t\t<div class=\"elementor-element elementor-element-aa764ff elementor-widget elementor-widget-spacer\" data-id=\"aa764ff\" data-element_type=\"widget\" data-widget_type=\"spacer.default\">\n\t\t\t\t<div class=\"elementor-widget-container\">\n\t\t\t\t\t<div class=\"elementor-spacer\">\n\t\t\t<div class=\"elementor-spacer-inner\"><\/div>\n\t\t<\/div>\n\t\t\t\t<\/div>\n\t\t\t\t<\/div>\n\t\t\t\t<div class=\"elementor-element elementor-element-56e72996 elementor-widget elementor-widget-spacer\" data-id=\"56e72996\" data-element_type=\"widget\" data-widget_type=\"spacer.default\">\n\t\t\t\t<div class=\"elementor-widget-container\">\n\t\t\t\t\t<div class=\"elementor-spacer\">\n\t\t\t<div class=\"elementor-spacer-inner\"><\/div>\n\t\t<\/div>\n\t\t\t\t<\/div>\n\t\t\t\t<\/div>\n\t\t\t\t\t<\/div>\n\t\t<\/div>\n\t\t\t\t\t<\/div>\n\t\t<\/section>\n\t\t\t\t<section class=\"elementor-section elementor-top-section elementor-element elementor-element-4ba811c8 elementor-section-content-middle elementor-section-boxed elementor-section-height-default elementor-section-height-default\" data-id=\"4ba811c8\" data-element_type=\"section\" data-settings=\"{&quot;background_background&quot;:&quot;classic&quot;}\">\n\t\t\t\t\t\t<div class=\"elementor-container elementor-column-gap-no\">\n\t\t\t\t\t<div class=\"elementor-column elementor-col-100 elementor-top-column elementor-element elementor-element-780e75dd\" data-id=\"780e75dd\" data-element_type=\"column\">\n\t\t\t<div class=\"elementor-widget-wrap elementor-element-populated\">\n\t\t\t\t\t\t<div class=\"elementor-element elementor-element-c61ba00 elementor-widget elementor-widget-heading\" data-id=\"c61ba00\" data-element_type=\"widget\" data-widget_type=\"heading.default\">\n\t\t\t\t<div class=\"elementor-widget-container\">\n\t\t\t<h4 class=\"elementor-heading-title elementor-size-default\">Recrutamento<\/h4>\t\t<\/div>\n\t\t\t\t<\/div>\n\t\t\t\t<div class=\"elementor-element elementor-element-2a49aff2 elementor-widget elementor-widget-heading\" data-id=\"2a49aff2\" data-element_type=\"widget\" data-widget_type=\"heading.default\">\n\t\t\t\t<div class=\"elementor-widget-container\">\n\t\t\t<h5 class=\"elementor-heading-title elementor-size-default\">Vagas em aberto<\/h5>\t\t<\/div>\n\t\t\t\t<\/div>\n\t\t\t\t<section class=\"elementor-section elementor-inner-section elementor-element elementor-element-7abf63ce elementor-section-content-top elementor-section-boxed elementor-section-height-default elementor-section-height-default\" data-id=\"7abf63ce\" data-element_type=\"section\">\n\t\t\t\t\t\t<div class=\"elementor-container elementor-column-gap-no\">\n\t\t\t\t\t<div class=\"elementor-column elementor-col-100 elementor-inner-column elementor-element elementor-element-78f73e64\" data-id=\"78f73e64\" data-element_type=\"column\">\n\t\t\t<div class=\"elementor-widget-wrap elementor-element-populated\">\n\t\t\t\t\t\t<div class=\"elementor-element elementor-element-cacc734 elementor-widget elementor-widget-text-editor\" data-id=\"cacc734\" data-element_type=\"widget\" data-widget_type=\"text-editor.default\">\n\t\t\t\t<div class=\"elementor-widget-container\">\n\t\t\t\t\t\t\t<p><strong>DIRETOR\/RESPONS\u00c1VEL DE PRODU\u00c7\u00c3O (M\/F\/D) &#8211; Chaves<\/strong><br \/>A Mestre Ferro, Serralharia e Metalomec\u00e2nica, empresa sediada em Chaves e que atua no mercado de produ\u00e7\u00e3o e instala\u00e7\u00e3o de trabalhos de metalomec\u00e2nica e de serralharia art\u00edstica, procura um Diretor(a) de Produ\u00e7\u00e3o para refor\u00e7ar a sua equipa em crescimento.<\/p><p><strong>TIPO DE OFERTA:<\/strong><br \/>\u2022 Full-time.<br \/><strong>RESPONSABILIDADES E FUN\u00c7\u00d5ES:<\/strong><br \/>Reportando, a Ger\u00eancia\/Dire\u00e7\u00e3o da empresa ter\u00e1 a seu cargo, entre outras, as seguintes responsabilidades:<br \/>Ser\u00e1 respons\u00e1vel por gerir todas as atividades relacionadas com os projetos civis e empreitadas da empresa;<br \/>Dever\u00e1 assegurar a comunica\u00e7\u00e3o com as restantes \u00e1reas da empresa, com vista a assegurar os processos produtivos e de aprovisionamento;<br \/>Dever\u00e1 ainda articular e comunicar ativamente com a Ger\u00eancia\/Dire\u00e7\u00e3o da empresa, com vista ao fornecimento de informa\u00e7\u00e3o relevante de reporte.<br \/><strong>FUN\u00c7\u00d5ES:<\/strong><br \/>\u2022 Planeamento de projetos e trabalhos;<br \/>\u2022 Participa\u00e7\u00e3o nos processos de or\u00e7amenta\u00e7\u00e3o;<br \/>\u2022 Prepara\u00e7\u00e3o da obra, a sua organiza\u00e7\u00e3o e supervis\u00e3o;<br \/>\u2022 Gest\u00e3o dos recursos humanos, f\u00edsicos e financeiros dos projetos;<br \/>\u2022 Registo peri\u00f3dico da produ\u00e7\u00e3o;<br \/>\u2022 Elabora\u00e7\u00e3o de autos de medi\u00e7\u00e3o e relat\u00f3rios de produ\u00e7\u00e3o;<br \/>\u2022 Assegurar o cumprimento dos objetivos definidos pela Empresa.<br \/><strong>PERFIL CANDIDATO:<\/strong> <br \/>\u2022 Forma\u00e7\u00e3o superior em Engenharia Civil ou Engenharia Mec\u00e2nica (preferencial);<br \/>\u2022 Experi\u00eancia profissional m\u00ednima de 5 anos em fun\u00e7\u00f5es similares (fator preferencial);<br \/>\u2022 Conhecimentos de Autocad (obrigat\u00f3rio), e MSProject (valorizado);<br \/>\u2022 Compet\u00eancias comunicacionais e de negocia\u00e7\u00e3o, e capacidade de toma de decis\u00e3o;<br \/>\u2022 Capacidade de lideran\u00e7a, proativo e din\u00e2mico;<br \/>\u2022 Carta de condu\u00e7\u00e3o.<br \/><strong>OFERECE-SE:<\/strong><br \/>\u2022 Integra\u00e7\u00e3o num grupo empresarial consolidado, com grande experi\u00eancia e relevante posi\u00e7\u00e3o no mercado;<br \/>\u2022 Package salarial adequado \u00e0 experi\u00eancia demonstrada.<br \/><strong>LOCAL DE TRABALHO:<\/strong><br \/>\u2022 Chaves.<\/p>\t\t\t\t\t\t<\/div>\n\t\t\t\t<\/div>\n\t\t\t\t\t<\/div>\n\t\t<\/div>\n\t\t\t\t\t<\/div>\n\t\t<\/section>\n\t\t\t\t\t<\/div>\n\t\t<\/div>\n\t\t\t\t\t<\/div>\n\t\t<\/section>\n\t\t\t\t<\/div>\n\t\t","protected":false},"excerpt":{"rendered":"<p>Recrutamento Vagas em aberto DIRETOR\/RESPONS\u00c1VEL DE PRODU\u00c7\u00c3O (M\/F\/D) &#8211; ChavesA Mestre Ferro, Serralharia e Metalomec\u00e2nica, empresa sediada em Chaves e que atua no mercado de produ\u00e7\u00e3o e instala\u00e7\u00e3o de trabalhos de metalomec\u00e2nica e de serralharia art\u00edstica, procura um Diretor(a) de Produ\u00e7\u00e3o para refor\u00e7ar a sua equipa em crescimento. TIPO DE OFERTA:\u2022 Full-time.RESPONSABILIDADES E FUN\u00c7\u00d5ES:Reportando, a &#8230; <a title=\"Recrutamento\" class=\"read-more\" href=\"https:\/\/www.mestreferro.pt\/?page_id=766\">Read more&#8230;<\/a><\/p>\n","protected":false},"author":1,"featured_media":0,"parent":0,"menu_order":0,"comment_status":"closed","ping_status":"closed","template":"elementor_header_footer","meta":{"footnotes":""},"_links":{"self":[{"href":"https:\/\/www.mestreferro.pt\/index.php?rest_route=\/wp\/v2\/pages\/766"}],"collection":[{"href":"https:\/\/www.mestreferro.pt\/index.php?rest_route=\/wp\/v2\/pages"}],"about":[{"href":"https:\/\/www.mestreferro.pt\/index.php?rest_route=\/wp\/v2\/types\/page"}],"author":[{"embeddable":true,"href":"https:\/\/www.mestreferro.pt\/index.php?rest_route=\/wp\/v2\/users\/1"}],"replies":[{"embeddable":true,"href":"https:\/\/www.mestreferro.pt\/index.php?rest_route=%2Fwp%2Fv2%2Fcomments&post=766"}],"version-history":[{"count":51,"href":"https:\/\/www.mestreferro.pt\/index.php?rest_route=\/wp\/v2\/pages\/766\/revisions"}],"predecessor-version":[{"id":845,"href":"https:\/\/www.mestreferro.pt\/index.php?rest_route=\/wp\/v2\/pages\/766\/revisions\/845"}],"wp:attachment":[{"href":"https:\/\/www.mestreferro.pt\/index.php?rest_route=%2Fwp%2Fv2%2Fmedia&parent=766"}],"curies":[{"name":"wp","href":"https:\/\/api.w.org\/{rel}","templated":true}]}}